{"id":3,"date":"2025-04-08T00:09:44","date_gmt":"2025-04-07T22:09:44","guid":{"rendered":"http:\/\/www.photofilmibiza.com\/?page_id=3"},"modified":"2025-07-30T11:36:42","modified_gmt":"2025-07-30T09:36:42","slug":"politica-privacidad","status":"publish","type":"page","link":"https:\/\/www.photofilmibiza.com\/en\/politica-privacidad\/","title":{"rendered":"Privacy Policy"},"content":{"rendered":"<div data-elementor-type=\"wp-page\" data-elementor-id=\"3\" class=\"elementor elementor-3\" data-elementor-post-type=\"page\">\n\t\t\t\t<div class=\"elementor-element elementor-element-7790cd16 e-flex e-con-boxed e-con e-parent\" data-id=\"7790cd16\" data-element_type=\"container\" data-e-type=\"container\">\n\t\t\t\t\t<div class=\"e-con-inner\">\n\t\t\t\t<div class=\"elementor-element elementor-element-28db1b95 elementor-widget elementor-widget-text-editor\" data-id=\"28db1b95\" data-element_type=\"widget\" data-e-type=\"widget\" data-widget_type=\"text-editor.default\">\n\t\t\t\t\t\t\t\t\t\n<div>\n<div>\n<p>Tenga la seguridad de que no utilizaremos sus datos personales con fines comerciales ni los cederemos a terceros. Solo los utilizaremos para responder a sus solicitudes de informaci\u00f3n. Esta Pol\u00edtica de Privacidad establece los t\u00e9rminos en los que Photo Film Ibiza SL, ES B21623343, utiliza y protege la informaci\u00f3n que proporcionan sus usuarios al utilizar su sitio web. Photo Film Ibiza se compromete a la seguridad de los datos de sus usuarios. Cuando le pedimos que complete campos de informaci\u00f3n personal con los que pueda ser identificado (por ejemplo, su direcci\u00f3n de correo electr\u00f3nico), lo hacemos garantizando que solo se utilizar\u00e1 de acuerdo con los t\u00e9rminos de este documento. Photo Film Ibiza SL cumple con el Reglamento General de Protecci\u00f3n de Datos (GDPR).<\/p>\n<\/div>\n<\/div>\n\n<h2 class=\"wp-block-heading\">Informaci\u00f3n recopilada\u00a0<\/h2>\n\n<div>\n<div>\n<p>El sitio web de Photo Film Ibiza recopilar\u00e1 informaci\u00f3n personal, como su correo electr\u00f3nico, en caso de que complete el formulario de contacto, con el \u00fanico prop\u00f3sito de poder atender su solicitud de informaci\u00f3n. Photo Film Ibiza tambi\u00e9n utiliza software de terceros (como Google Analytics) para comprender las necesidades y preferencias de navegaci\u00f3n de sus usuarios y adaptar su contenido y plataforma a las mismas. Estas herramientas recopilan datos relacionados con el origen de las visitas, la fecha de las visitas, p\u00e1ginas fuente o tipo de dispositivo. Pero en ning\u00fan caso, datos personales como nombres, direcciones de correo electr\u00f3nico o tel\u00e9fonos.<\/p>\n<\/div>\n<\/div>\n\n<h2 class=\"wp-block-heading\">Uso y tratamiento de la informaci\u00f3n<\/h2>\n\n<div>\n<div>\n<p>El sitio web de Photo Film Ibiza utiliza la informaci\u00f3n con el fin de proporcionar el mejor servicio posible, particularmente para entender las necesidades y preferencias de navegaci\u00f3n de sus usuarios y poder adaptar su contenido y plataforma a las mismas. Photo Film Ibiza utiliza infraestructuras de terceros como Wix, Gmail y Google Analytics para ofrecer un servicio correcto y continuo a sus visitantes y usuarios. Estas infraestructuras incluyen servicios de alojamiento para p\u00e1ginas web, an\u00e1lisis web y correo electr\u00f3nico. Los datos que usted nos proporciona a trav\u00e9s del formulario de contacto solo ir\u00e1n a nuestra cuenta de correo electr\u00f3nico con el fin de poder atender su solicitud de informaci\u00f3n. Photo Film Ibiza se compromete a mantener la informaci\u00f3n de sus usuarios segura a trav\u00e9s de sistemas avanzados y constantemente actualizados para evitar accesos no autorizados a informaci\u00f3n privada.<\/p>\n<\/div>\n<div>\n<p>Protegeremos su informaci\u00f3n personal. No la utilizaremos para fines personales o comerciales, como vender, ceder o compartir su informaci\u00f3n con terceros.<\/p>\n<\/div>\n<\/div>\n\n<h2 class=\"wp-block-heading\">Responsabilidade este archivo y su tratamiento<\/h2>\n<h2><\/h2>\n<div>\n<div>\n<div>\n<p>Esta informaci\u00f3n solo es vista por Photo Film Ibiza SL, ES B21623343, y solo ser\u00e1 utilizada para satisfacer las solicitudes de sus clientes. Puede ejercer sus derechos de acceso, rectificaci\u00f3n, limitaci\u00f3n y eliminaci\u00f3n de datos en info@photofilmibiza.com.<\/p>\n<\/div>\n<\/div>\n<\/div>\n<h2 class=\"wp-block-heading\">Cookies<\/h2>\n\n<div>\n<div>\n<p>Una cookie se refiere a un archivo que se env\u00eda con el prop\u00f3sito de solicitar permiso para ser almacenado en el ordenador del usuario, al aceptar dicho archivo, se crea una cookie que permite analizar el tr\u00e1fico recibido por el sitio web para mejorar y personalizar la experiencia del usuario en la web. Puede aceptar o rechazar el uso de cookies en su ordenador; sin embargo, la mayor\u00eda de los navegadores aceptan autom\u00e1ticamente las cookies, ya que ayudan a mejorar la experiencia de navegaci\u00f3n en Internet. Como usuario, puede eliminar las cookies en cualquier momento de su ordenador. Tambi\u00e9n puede cambiar la configuraci\u00f3n de su ordenador para rechazarlas de forma sistem\u00e1tica.<\/p>\n<\/div>\n<\/div>\n\n<h2 class=\"wp-block-heading\">Enlaces a terceros<\/h2>\n\n<div>\n<div>\n<p>Este sitio web contiene enlaces a otros sitios de inter\u00e9s, como, por ejemplo, proveedores relacionados con la fotograf\u00eda (vide\u00f3grafos, organizadores de eventos o decoradores). Una vez que haga clic en estos enlaces y abandone nuestra p\u00e1gina, ya no tenemos control sobre el sitio al que es redirigido. Estos enlaces no son publicidad, solo est\u00e1n especificados para informaci\u00f3n del usuario, ya que pueden ser de inter\u00e9s.<\/p>\n<\/div>\n<div>\n<p>* Photo Film Ibiza SL est\u00e1 alineada con el Reglamento General de Protecci\u00f3n de Datos<\/p>\n<p><span style=\"font-size: 16px;\">* Utilizamos cookies para mejorar la experiencia de nuestros usuarios.<\/span><\/p>\n<\/div>\n<\/div>\t\t\t\t\t\t\t\t<\/div>\n\t\t\t\t\t<\/div>\n\t\t\t\t<\/div>\n\t\t\t\t<\/div>","protected":false},"excerpt":{"rendered":"<p>Tenga la seguridad de que no utilizaremos sus datos personales con fines comerciales ni los cederemos a terceros. Solo los [&hellip;]<\/p>\n","protected":false},"author":1,"featured_media":0,"parent":0,"menu_order":0,"comment_status":"closed","ping_status":"open","template":"","meta":{"site-sidebar-layout":"default","site-content-layout":"","ast-site-content-layout":"default","site-content-style":"default","site-sidebar-style":"default","ast-global-header-display":"","ast-banner-title-visibility":"","ast-main-header-display":"","ast-hfb-above-header-display":"","ast-hfb-below-header-display":"","ast-hfb-mobile-header-display":"","site-post-title":"","ast-breadcrumbs-content":"","ast-featured-img":"","footer-sml-layout":"","ast-disable-related-posts":"","theme-transparent-header-meta":"","adv-header-id-meta":"","stick-header-meta":"","header-above-stick-meta":"","header-main-stick-meta":"","header-below-stick-meta":"","astra-migrate-meta-layouts":"default","ast-page-background-enabled":"default","ast-page-background-meta":{"desktop":{"background-color":"var(--ast-global-color-5)","background-image":"","background-repeat":"repeat","background-position":"center center","background-size":"auto","background-attachment":"scroll","background-type":"","background-media":"","overlay-type":"","overlay-color":"","overlay-opacity":"","overlay-gradient":""},"tablet":{"background-color":"","background-image":"","background-repeat":"repeat","background-position":"center center","background-size":"auto","background-attachment":"scroll","background-type":"","background-media":"","overlay-type":"","overlay-color":"","overlay-opacity":"","overlay-gradient":""},"mobile":{"background-color":"","background-image":"","background-repeat":"repeat","background-position":"center center","background-size":"auto","background-attachment":"scroll","background-type":"","background-media":"","overlay-type":"","overlay-color":"","overlay-opacity":"","overlay-gradient":""}},"ast-content-background-meta":{"desktop":{"background-color":"var(--ast-global-color-4)","background-image":"","background-repeat":"repeat","background-position":"center center","background-size":"auto","background-attachment":"scroll","background-type":"","background-media":"","overlay-type":"","overlay-color":"","overlay-opacity":"","overlay-gradient":""},"tablet":{"background-color":"var(--ast-global-color-4)","background-image":"","background-repeat":"repeat","background-position":"center center","background-size":"auto","background-attachment":"scroll","background-type":"","background-media":"","overlay-type":"","overlay-color":"","overlay-opacity":"","overlay-gradient":""},"mobile":{"background-color":"var(--ast-global-color-4)","background-image":"","background-repeat":"repeat","background-position":"center center","background-size":"auto","background-attachment":"scroll","background-type":"","background-media":"","overlay-type":"","overlay-color":"","overlay-opacity":"","overlay-gradient":""}},"_joinchat":[],"footnotes":""},"class_list":["post-3","page","type-page","status-publish","hentry"],"_links":{"self":[{"href":"https:\/\/www.photofilmibiza.com\/en\/wp-json\/wp\/v2\/pages\/3","targetHints":{"allow":["GET"]}}],"collection":[{"href":"https:\/\/www.photofilmibiza.com\/en\/wp-json\/wp\/v2\/pages"}],"about":[{"href":"https:\/\/www.photofilmibiza.com\/en\/wp-json\/wp\/v2\/types\/page"}],"author":[{"embeddable":true,"href":"https:\/\/www.photofilmibiza.com\/en\/wp-json\/wp\/v2\/users\/1"}],"replies":[{"embeddable":true,"href":"https:\/\/www.photofilmibiza.com\/en\/wp-json\/wp\/v2\/comments?post=3"}],"version-history":[{"count":3,"href":"https:\/\/www.photofilmibiza.com\/en\/wp-json\/wp\/v2\/pages\/3\/revisions"}],"predecessor-version":[{"id":1533,"href":"https:\/\/www.photofilmibiza.com\/en\/wp-json\/wp\/v2\/pages\/3\/revisions\/1533"}],"wp:attachment":[{"href":"https:\/\/www.photofilmibiza.com\/en\/wp-json\/wp\/v2\/media?parent=3"}],"curies":[{"name":"wp","href":"https:\/\/api.w.org\/{rel}","templated":true}]}}